{"id":9299,"date":"2022-12-19T11:03:26","date_gmt":"2022-12-19T10:03:26","guid":{"rendered":"http:\/\/dev.vannerie.com.serv3.tribu-and-co.com\/pro\/boutique\/non%20class\u00e9\/panneau-mural\/"},"modified":"2023-04-28T09:23:34","modified_gmt":"2023-04-28T07:23:34","slug":"panneau-mural","status":"publish","type":"product","link":"http:\/\/dev.vannerie.com.serv3.tribu-and-co.com\/pro\/boutique\/professionnel\/boulangerie-traditionnelle\/mobilier\/panneau-mural\/","title":{"rendered":"Panneau mural"},"content":{"rendered":"<p>Panneau Mural en 1 ou 2 \u00e9l\u00e9ments, compos\u00e9 de 2 \u00e0 5 corbeilles.<\/p>\n<p>A fixer au mur (mat\u00e9riel de fixation fourni).<\/p>\n<p>Dimensions et options disponibles:<\/p>\n<ul>\n<li>1 \u00e9l\u00e9ment: L..63 H.100 compos\u00e9 de 2 corbeilles (1 corbeille ajour\u00e9e 59x50x15x25 et 1 pr\u00e9sentoir \u00e0 pain debout 50&#215;50 H.55)<\/li>\n<li>1 \u00e9l\u00e9ment: L..63 H.100 compos\u00e9 de 3 corbeilles (2 corbeilles 50x50x8x15 et 1 corbeille 50x40x8x15).<\/li>\n<li>2 \u00e9l\u00e9ments: L..63 H.200 compos\u00e9 de 2 corbeilles (1 hotte \u00e0 accrocher &#8211; 1 corbeille 50x50x8x15) et 1 chariot sur roulettes 51x65x40x82.<\/li>\n<li>2 \u00e9l\u00e9ments: L..63 H.200 compos\u00e9 de 3 corbeilles (1 pr\u00e9sentoir \u00e0 pain debout 50&#215;50 H.55- 1 corbeille 50x50x8x15 &#8211; 1 pr\u00e9sentoir \u00e0 pain debout 50&#215;50 H.40).<\/li>\n<li>2 \u00e9l\u00e9ments: L..63 H.200 compos\u00e9 de 5 corbeilles (1 pr\u00e9sentoir 3 corbeilles 40&#215;35 H.61 &#8211; 1 corbeille 50x40x8x15 &#8211; 1 pr\u00e9sentoir \u00e0 pain debout 50&#215;50 H.40).<\/li>\n<\/ul>\n","protected":false},"excerpt":{"rendered":"<p>Panneau Mural en 1 ou 2 \u00e9l\u00e9ments, compos\u00e9 de 2 \u00e0 5 corbeilles. A fixer au mur (mat\u00e9riel de fixation fourni). Dimensions et options disponibles: 1 \u00e9l\u00e9ment: L..63 H.100 compos\u00e9 de 2 corbeilles (1 corbeille ajour\u00e9e 59x50x15x25 et 1 pr\u00e9sentoir \u00e0 pain debout 50&#215;50 H.55) 1 \u00e9l\u00e9ment: L..63 H.100 compos\u00e9 de 3 corbeilles (2 corbeilles [&hellip;]<\/p>\n","protected":false},"featured_media":3391,"template":"","meta":{"_acf_changed":false},"product_brand":[],"product_cat":[45,46,42],"product_tag":[],"class_list":{"0":"post-9299","1":"product","2":"type-product","3":"status-publish","4":"has-post-thumbnail","6":"product_cat-boulangerie-traditionnelle","7":"product_cat-mobilier","8":"product_cat-professionnel","10":"first","11":"instock","12":"taxable","13":"shipping-taxable","14":"purchasable","15":"product-type-variable","16":"has-default-attributes"},"acf":[],"yoast_head":"<!-- This site is optimized with the Yoast SEO plugin v27.2 - https:\/\/yoast.com\/product\/yoast-seo-wordpress\/ -->\n<title>Panneau mural - Vannerie Pro<\/title>\n<meta name=\"robots\" content=\"index, follow, max-snippet:-1, max-image-preview:large, max-video-preview:-1\" \/>\n<link rel=\"canonical\" href=\"http:\/\/vannerie.com\/pro\/boutique\/professionnel\/boulangerie-traditionnelle\/mobilier\/panneau-mural\/\" \/>\n<meta property=\"og:locale\" content=\"fr_FR\" \/>\n<meta property=\"og:type\" content=\"article\" \/>\n<meta property=\"og:title\" content=\"Panneau mural - Vannerie Pro\" \/>\n<meta property=\"og:description\" content=\"Panneau Mural en 1 ou 2 \u00e9l\u00e9ments, compos\u00e9 de 2 \u00e0 5 corbeilles. A fixer au mur (mat\u00e9riel de fixation fourni). Dimensions et options disponibles: 1 \u00e9l\u00e9ment: L..63 H.100 compos\u00e9 de 2 corbeilles (1 corbeille ajour\u00e9e 59x50x15x25 et 1 pr\u00e9sentoir \u00e0 pain debout 50&#215;50 H.55) 1 \u00e9l\u00e9ment: L..63 H.100 compos\u00e9 de 3 corbeilles (2 corbeilles [&hellip;]\" \/>\n<meta property=\"og:url\" content=\"http:\/\/vannerie.com\/pro\/boutique\/professionnel\/boulangerie-traditionnelle\/mobilier\/panneau-mural\/\" \/>\n<meta property=\"og:site_name\" content=\"Vannerie Pro\" \/>\n<meta property=\"article:modified_time\" content=\"2023-04-28T07:23:34+00:00\" \/>\n<meta property=\"og:image\" content=\"http:\/\/vannerie.com\/pro\/wp-content\/uploads\/sites\/4\/2023\/02\/1042_201601141207281042.jpg\" \/>\n\t<meta property=\"og:image:width\" content=\"259\" \/>\n\t<meta property=\"og:image:height\" content=\"370\" \/>\n\t<meta property=\"og:image:type\" content=\"image\/jpeg\" \/>\n<meta name=\"twitter:card\" content=\"summary_large_image\" \/>\n<meta name=\"twitter:label1\" content=\"Dur\u00e9e de lecture estim\u00e9e\" \/>\n\t<meta name=\"twitter:data1\" content=\"1 minute\" \/>\n<script type=\"application\/ld+json\" class=\"yoast-schema-graph\">{\"@context\":\"https:\/\/schema.org\",\"@graph\":[{\"@type\":\"WebPage\",\"@id\":\"http:\/\/vannerie.com\/pro\/boutique\/professionnel\/boulangerie-traditionnelle\/mobilier\/panneau-mural\/\",\"url\":\"http:\/\/vannerie.com\/pro\/boutique\/professionnel\/boulangerie-traditionnelle\/mobilier\/panneau-mural\/\",\"name\":\"Panneau mural - Vannerie Pro\",\"isPartOf\":{\"@id\":\"http:\/\/vannerie.com\/pro\/#website\"},\"primaryImageOfPage\":{\"@id\":\"http:\/\/vannerie.com\/pro\/boutique\/professionnel\/boulangerie-traditionnelle\/mobilier\/panneau-mural\/#primaryimage\"},\"image\":{\"@id\":\"http:\/\/vannerie.com\/pro\/boutique\/professionnel\/boulangerie-traditionnelle\/mobilier\/panneau-mural\/#primaryimage\"},\"thumbnailUrl\":\"http:\/\/dev.vannerie.com.serv3.tribu-and-co.com\/pro\/wp-content\/uploads\/sites\/4\/2023\/02\/1042_201601141207281042.jpg\",\"datePublished\":\"2022-12-19T10:03:26+00:00\",\"dateModified\":\"2023-04-28T07:23:34+00:00\",\"breadcrumb\":{\"@id\":\"http:\/\/vannerie.com\/pro\/boutique\/professionnel\/boulangerie-traditionnelle\/mobilier\/panneau-mural\/#breadcrumb\"},\"inLanguage\":\"fr-FR\",\"potentialAction\":[{\"@type\":\"ReadAction\",\"target\":[\"http:\/\/vannerie.com\/pro\/boutique\/professionnel\/boulangerie-traditionnelle\/mobilier\/panneau-mural\/\"]}]},{\"@type\":\"ImageObject\",\"inLanguage\":\"fr-FR\",\"@id\":\"http:\/\/vannerie.com\/pro\/boutique\/professionnel\/boulangerie-traditionnelle\/mobilier\/panneau-mural\/#primaryimage\",\"url\":\"http:\/\/dev.vannerie.com.serv3.tribu-and-co.com\/pro\/wp-content\/uploads\/sites\/4\/2023\/02\/1042_201601141207281042.jpg\",\"contentUrl\":\"http:\/\/dev.vannerie.com.serv3.tribu-and-co.com\/pro\/wp-content\/uploads\/sites\/4\/2023\/02\/1042_201601141207281042.jpg\",\"width\":259,\"height\":370},{\"@type\":\"BreadcrumbList\",\"@id\":\"http:\/\/vannerie.com\/pro\/boutique\/professionnel\/boulangerie-traditionnelle\/mobilier\/panneau-mural\/#breadcrumb\",\"itemListElement\":[{\"@type\":\"ListItem\",\"position\":1,\"name\":\"Accueil\",\"item\":\"http:\/\/vannerie.com\/pro\/\"},{\"@type\":\"ListItem\",\"position\":2,\"name\":\"Boutique\",\"item\":\"http:\/\/vannerie.com\/pro\/boutique\/\"},{\"@type\":\"ListItem\",\"position\":3,\"name\":\"Panneau mural\"}]},{\"@type\":\"WebSite\",\"@id\":\"http:\/\/vannerie.com\/pro\/#website\",\"url\":\"http:\/\/vannerie.com\/pro\/\",\"name\":\"Vannerie Pro\",\"description\":\"Un site utilisant Les sites de Vannerie de Villaines-les-Rochers\",\"potentialAction\":[{\"@type\":\"SearchAction\",\"target\":{\"@type\":\"EntryPoint\",\"urlTemplate\":\"http:\/\/vannerie.com\/pro\/?s={search_term_string}\"},\"query-input\":{\"@type\":\"PropertyValueSpecification\",\"valueRequired\":true,\"valueName\":\"search_term_string\"}}],\"inLanguage\":\"fr-FR\"}]}<\/script>\n<!-- \/ Yoast SEO plugin. -->","yoast_head_json":{"title":"Panneau mural - Vannerie Pro","robots":{"index":"index","follow":"follow","max-snippet":"max-snippet:-1","max-image-preview":"max-image-preview:large","max-video-preview":"max-video-preview:-1"},"canonical":"http:\/\/vannerie.com\/pro\/boutique\/professionnel\/boulangerie-traditionnelle\/mobilier\/panneau-mural\/","og_locale":"fr_FR","og_type":"article","og_title":"Panneau mural - Vannerie Pro","og_description":"Panneau Mural en 1 ou 2 \u00e9l\u00e9ments, compos\u00e9 de 2 \u00e0 5 corbeilles. A fixer au mur (mat\u00e9riel de fixation fourni). Dimensions et options disponibles: 1 \u00e9l\u00e9ment: L..63 H.100 compos\u00e9 de 2 corbeilles (1 corbeille ajour\u00e9e 59x50x15x25 et 1 pr\u00e9sentoir \u00e0 pain debout 50&#215;50 H.55) 1 \u00e9l\u00e9ment: L..63 H.100 compos\u00e9 de 3 corbeilles (2 corbeilles [&hellip;]","og_url":"http:\/\/vannerie.com\/pro\/boutique\/professionnel\/boulangerie-traditionnelle\/mobilier\/panneau-mural\/","og_site_name":"Vannerie Pro","article_modified_time":"2023-04-28T07:23:34+00:00","og_image":[{"width":259,"height":370,"url":"http:\/\/vannerie.com\/pro\/wp-content\/uploads\/sites\/4\/2023\/02\/1042_201601141207281042.jpg","type":"image\/jpeg"}],"twitter_card":"summary_large_image","twitter_misc":{"Dur\u00e9e de lecture estim\u00e9e":"1 minute"},"schema":{"@context":"https:\/\/schema.org","@graph":[{"@type":"WebPage","@id":"http:\/\/vannerie.com\/pro\/boutique\/professionnel\/boulangerie-traditionnelle\/mobilier\/panneau-mural\/","url":"http:\/\/vannerie.com\/pro\/boutique\/professionnel\/boulangerie-traditionnelle\/mobilier\/panneau-mural\/","name":"Panneau mural - Vannerie Pro","isPartOf":{"@id":"http:\/\/vannerie.com\/pro\/#website"},"primaryImageOfPage":{"@id":"http:\/\/vannerie.com\/pro\/boutique\/professionnel\/boulangerie-traditionnelle\/mobilier\/panneau-mural\/#primaryimage"},"image":{"@id":"http:\/\/vannerie.com\/pro\/boutique\/professionnel\/boulangerie-traditionnelle\/mobilier\/panneau-mural\/#primaryimage"},"thumbnailUrl":"http:\/\/dev.vannerie.com.serv3.tribu-and-co.com\/pro\/wp-content\/uploads\/sites\/4\/2023\/02\/1042_201601141207281042.jpg","datePublished":"2022-12-19T10:03:26+00:00","dateModified":"2023-04-28T07:23:34+00:00","breadcrumb":{"@id":"http:\/\/vannerie.com\/pro\/boutique\/professionnel\/boulangerie-traditionnelle\/mobilier\/panneau-mural\/#breadcrumb"},"inLanguage":"fr-FR","potentialAction":[{"@type":"ReadAction","target":["http:\/\/vannerie.com\/pro\/boutique\/professionnel\/boulangerie-traditionnelle\/mobilier\/panneau-mural\/"]}]},{"@type":"ImageObject","inLanguage":"fr-FR","@id":"http:\/\/vannerie.com\/pro\/boutique\/professionnel\/boulangerie-traditionnelle\/mobilier\/panneau-mural\/#primaryimage","url":"http:\/\/dev.vannerie.com.serv3.tribu-and-co.com\/pro\/wp-content\/uploads\/sites\/4\/2023\/02\/1042_201601141207281042.jpg","contentUrl":"http:\/\/dev.vannerie.com.serv3.tribu-and-co.com\/pro\/wp-content\/uploads\/sites\/4\/2023\/02\/1042_201601141207281042.jpg","width":259,"height":370},{"@type":"BreadcrumbList","@id":"http:\/\/vannerie.com\/pro\/boutique\/professionnel\/boulangerie-traditionnelle\/mobilier\/panneau-mural\/#breadcrumb","itemListElement":[{"@type":"ListItem","position":1,"name":"Accueil","item":"http:\/\/vannerie.com\/pro\/"},{"@type":"ListItem","position":2,"name":"Boutique","item":"http:\/\/vannerie.com\/pro\/boutique\/"},{"@type":"ListItem","position":3,"name":"Panneau mural"}]},{"@type":"WebSite","@id":"http:\/\/vannerie.com\/pro\/#website","url":"http:\/\/vannerie.com\/pro\/","name":"Vannerie Pro","description":"Un site utilisant Les sites de Vannerie de Villaines-les-Rochers","potentialAction":[{"@type":"SearchAction","target":{"@type":"EntryPoint","urlTemplate":"http:\/\/vannerie.com\/pro\/?s={search_term_string}"},"query-input":{"@type":"PropertyValueSpecification","valueRequired":true,"valueName":"search_term_string"}}],"inLanguage":"fr-FR"}]}},"_links":{"self":[{"href":"http:\/\/dev.vannerie.com.serv3.tribu-and-co.com\/pro\/wp-json\/wp\/v2\/product\/9299","targetHints":{"allow":["GET"]}}],"collection":[{"href":"http:\/\/dev.vannerie.com.serv3.tribu-and-co.com\/pro\/wp-json\/wp\/v2\/product"}],"about":[{"href":"http:\/\/dev.vannerie.com.serv3.tribu-and-co.com\/pro\/wp-json\/wp\/v2\/types\/product"}],"wp:featuredmedia":[{"embeddable":true,"href":"http:\/\/dev.vannerie.com.serv3.tribu-and-co.com\/pro\/wp-json\/wp\/v2\/media\/3391"}],"wp:attachment":[{"href":"http:\/\/dev.vannerie.com.serv3.tribu-and-co.com\/pro\/wp-json\/wp\/v2\/media?parent=9299"}],"wp:term":[{"taxonomy":"product_brand","embeddable":true,"href":"http:\/\/dev.vannerie.com.serv3.tribu-and-co.com\/pro\/wp-json\/wp\/v2\/product_brand?post=9299"},{"taxonomy":"product_cat","embeddable":true,"href":"http:\/\/dev.vannerie.com.serv3.tribu-and-co.com\/pro\/wp-json\/wp\/v2\/product_cat?post=9299"},{"taxonomy":"product_tag","embeddable":true,"href":"http:\/\/dev.vannerie.com.serv3.tribu-and-co.com\/pro\/wp-json\/wp\/v2\/product_tag?post=9299"}],"curies":[{"name":"wp","href":"https:\/\/api.w.org\/{rel}","templated":true}]}}