{"id":9913,"date":"2022-12-19T11:03:25","date_gmt":"2022-12-19T10:03:25","guid":{"rendered":"http:\/\/dev.vannerie.com.serv3.tribu-and-co.com\/pro\/boutique\/non class\u00e9\/banneton-couronne-entoile\/"},"modified":"2023-04-27T17:57:58","modified_gmt":"2023-04-27T15:57:58","slug":"banneton-couronne-entoile","status":"publish","type":"product","link":"http:\/\/dev.vannerie.com.serv3.tribu-and-co.com\/pro\/boutique\/professionnel\/boulangerie-gms\/panification\/banneton-couronne-entoile\/","title":{"rendered":"Banneton couronne entoil\u00e9"},"content":{"rendered":"<p>Banneton couronne entoil\u00e9. Capacit\u00e9: 1 \u00e0 4 livres.<\/p>\n<p>Diam\u00e8tres disponibles :<\/p>\n<ul>\n<li>26 cm (capacit\u00e9: 1 livre)<\/li>\n<li>30 cm (capacit\u00e9: 750g)<\/li>\n<li>33 cm (capacit\u00e9: 2 livres)<\/li>\n<li>36 cm (capacit\u00e9: 3 livres)<\/li>\n<li>39 cm (capacit\u00e9: 4 livres)<\/li>\n<\/ul>\n","protected":false},"excerpt":{"rendered":"<p>Banneton couronne entoil\u00e9. Capacit\u00e9: 1 \u00e0 4 livres. Diam\u00e8tres disponibles : 26 cm (capacit\u00e9: 1 livre) 30 cm (capacit\u00e9: 750g) 33 cm (capacit\u00e9: 2 livres) 36 cm (capacit\u00e9: 3 livres) 39 cm (capacit\u00e9: 4 livres)<\/p>\n","protected":false},"featured_media":4639,"template":"","meta":{"_acf_changed":false},"product_brand":[],"product_cat":[161,77,58,45,76,50,36,42,39],"product_tag":[],"class_list":{"0":"post-9913","1":"product","2":"type-product","3":"status-publish","4":"has-post-thumbnail","6":"product_cat-art-de-la-table-particulier","7":"product_cat-banneton-panification","8":"product_cat-boulangerie-gms","9":"product_cat-boulangerie-traditionnelle","10":"product_cat-panification","11":"product_cat-panification-manutention","12":"product_cat-particulier","13":"product_cat-professionnel","14":"product_cat-vannerie-traditionnelle","16":"first","17":"instock","18":"taxable","19":"shipping-taxable","20":"product-type-variable","21":"has-default-attributes"},"acf":[],"yoast_head":"<!-- This site is optimized with the Yoast SEO plugin v27.2 - https:\/\/yoast.com\/product\/yoast-seo-wordpress\/ -->\n<title>Banneton couronne entoil\u00e9 - Vannerie Pro<\/title>\n<meta name=\"robots\" content=\"index, follow, max-snippet:-1, max-image-preview:large, max-video-preview:-1\" \/>\n<link rel=\"canonical\" href=\"http:\/\/vannerie.com\/pro\/boutique\/professionnel\/boulangerie-gms\/panification\/banneton-couronne-entoile\/\" \/>\n<meta property=\"og:locale\" content=\"fr_FR\" \/>\n<meta property=\"og:type\" content=\"article\" \/>\n<meta property=\"og:title\" content=\"Banneton couronne entoil\u00e9 - Vannerie Pro\" \/>\n<meta property=\"og:description\" content=\"Banneton couronne entoil\u00e9. Capacit\u00e9: 1 \u00e0 4 livres. Diam\u00e8tres disponibles : 26 cm (capacit\u00e9: 1 livre) 30 cm (capacit\u00e9: 750g) 33 cm (capacit\u00e9: 2 livres) 36 cm (capacit\u00e9: 3 livres) 39 cm (capacit\u00e9: 4 livres)\" \/>\n<meta property=\"og:url\" content=\"http:\/\/vannerie.com\/pro\/boutique\/professionnel\/boulangerie-gms\/panification\/banneton-couronne-entoile\/\" \/>\n<meta property=\"og:site_name\" content=\"Vannerie Pro\" \/>\n<meta property=\"article:modified_time\" content=\"2023-04-27T15:57:58+00:00\" \/>\n<meta property=\"og:image\" content=\"http:\/\/vannerie.com\/pro\/wp-content\/uploads\/sites\/4\/2023\/02\/208_20160114120649208-2.jpg\" \/>\n\t<meta property=\"og:image:width\" content=\"188\" \/>\n\t<meta property=\"og:image:height\" content=\"370\" \/>\n\t<meta property=\"og:image:type\" content=\"image\/jpeg\" \/>\n<meta name=\"twitter:card\" content=\"summary_large_image\" \/>\n<script type=\"application\/ld+json\" class=\"yoast-schema-graph\">{\"@context\":\"https:\/\/schema.org\",\"@graph\":[{\"@type\":\"WebPage\",\"@id\":\"http:\/\/vannerie.com\/pro\/boutique\/professionnel\/boulangerie-gms\/panification\/banneton-couronne-entoile\/\",\"url\":\"http:\/\/vannerie.com\/pro\/boutique\/professionnel\/boulangerie-gms\/panification\/banneton-couronne-entoile\/\",\"name\":\"Banneton couronne entoil\u00e9 - Vannerie Pro\",\"isPartOf\":{\"@id\":\"http:\/\/vannerie.com\/pro\/#website\"},\"primaryImageOfPage\":{\"@id\":\"http:\/\/vannerie.com\/pro\/boutique\/professionnel\/boulangerie-gms\/panification\/banneton-couronne-entoile\/#primaryimage\"},\"image\":{\"@id\":\"http:\/\/vannerie.com\/pro\/boutique\/professionnel\/boulangerie-gms\/panification\/banneton-couronne-entoile\/#primaryimage\"},\"thumbnailUrl\":\"http:\/\/dev.vannerie.com.serv3.tribu-and-co.com\/pro\/wp-content\/uploads\/sites\/4\/2023\/02\/208_20160114120649208-2.jpg\",\"datePublished\":\"2022-12-19T10:03:25+00:00\",\"dateModified\":\"2023-04-27T15:57:58+00:00\",\"breadcrumb\":{\"@id\":\"http:\/\/vannerie.com\/pro\/boutique\/professionnel\/boulangerie-gms\/panification\/banneton-couronne-entoile\/#breadcrumb\"},\"inLanguage\":\"fr-FR\",\"potentialAction\":[{\"@type\":\"ReadAction\",\"target\":[\"http:\/\/vannerie.com\/pro\/boutique\/professionnel\/boulangerie-gms\/panification\/banneton-couronne-entoile\/\"]}]},{\"@type\":\"ImageObject\",\"inLanguage\":\"fr-FR\",\"@id\":\"http:\/\/vannerie.com\/pro\/boutique\/professionnel\/boulangerie-gms\/panification\/banneton-couronne-entoile\/#primaryimage\",\"url\":\"http:\/\/dev.vannerie.com.serv3.tribu-and-co.com\/pro\/wp-content\/uploads\/sites\/4\/2023\/02\/208_20160114120649208-2.jpg\",\"contentUrl\":\"http:\/\/dev.vannerie.com.serv3.tribu-and-co.com\/pro\/wp-content\/uploads\/sites\/4\/2023\/02\/208_20160114120649208-2.jpg\",\"width\":188,\"height\":370},{\"@type\":\"BreadcrumbList\",\"@id\":\"http:\/\/vannerie.com\/pro\/boutique\/professionnel\/boulangerie-gms\/panification\/banneton-couronne-entoile\/#breadcrumb\",\"itemListElement\":[{\"@type\":\"ListItem\",\"position\":1,\"name\":\"Accueil\",\"item\":\"http:\/\/vannerie.com\/pro\/\"},{\"@type\":\"ListItem\",\"position\":2,\"name\":\"Boutique\",\"item\":\"http:\/\/vannerie.com\/pro\/boutique\/\"},{\"@type\":\"ListItem\",\"position\":3,\"name\":\"Banneton couronne entoil\u00e9\"}]},{\"@type\":\"WebSite\",\"@id\":\"http:\/\/vannerie.com\/pro\/#website\",\"url\":\"http:\/\/vannerie.com\/pro\/\",\"name\":\"Vannerie Pro\",\"description\":\"Un site utilisant Les sites de Vannerie de Villaines-les-Rochers\",\"potentialAction\":[{\"@type\":\"SearchAction\",\"target\":{\"@type\":\"EntryPoint\",\"urlTemplate\":\"http:\/\/vannerie.com\/pro\/?s={search_term_string}\"},\"query-input\":{\"@type\":\"PropertyValueSpecification\",\"valueRequired\":true,\"valueName\":\"search_term_string\"}}],\"inLanguage\":\"fr-FR\"}]}<\/script>\n<!-- \/ Yoast SEO plugin. -->","yoast_head_json":{"title":"Banneton couronne entoil\u00e9 - Vannerie Pro","robots":{"index":"index","follow":"follow","max-snippet":"max-snippet:-1","max-image-preview":"max-image-preview:large","max-video-preview":"max-video-preview:-1"},"canonical":"http:\/\/vannerie.com\/pro\/boutique\/professionnel\/boulangerie-gms\/panification\/banneton-couronne-entoile\/","og_locale":"fr_FR","og_type":"article","og_title":"Banneton couronne entoil\u00e9 - Vannerie Pro","og_description":"Banneton couronne entoil\u00e9. Capacit\u00e9: 1 \u00e0 4 livres. Diam\u00e8tres disponibles : 26 cm (capacit\u00e9: 1 livre) 30 cm (capacit\u00e9: 750g) 33 cm (capacit\u00e9: 2 livres) 36 cm (capacit\u00e9: 3 livres) 39 cm (capacit\u00e9: 4 livres)","og_url":"http:\/\/vannerie.com\/pro\/boutique\/professionnel\/boulangerie-gms\/panification\/banneton-couronne-entoile\/","og_site_name":"Vannerie Pro","article_modified_time":"2023-04-27T15:57:58+00:00","og_image":[{"width":188,"height":370,"url":"http:\/\/vannerie.com\/pro\/wp-content\/uploads\/sites\/4\/2023\/02\/208_20160114120649208-2.jpg","type":"image\/jpeg"}],"twitter_card":"summary_large_image","schema":{"@context":"https:\/\/schema.org","@graph":[{"@type":"WebPage","@id":"http:\/\/vannerie.com\/pro\/boutique\/professionnel\/boulangerie-gms\/panification\/banneton-couronne-entoile\/","url":"http:\/\/vannerie.com\/pro\/boutique\/professionnel\/boulangerie-gms\/panification\/banneton-couronne-entoile\/","name":"Banneton couronne entoil\u00e9 - Vannerie Pro","isPartOf":{"@id":"http:\/\/vannerie.com\/pro\/#website"},"primaryImageOfPage":{"@id":"http:\/\/vannerie.com\/pro\/boutique\/professionnel\/boulangerie-gms\/panification\/banneton-couronne-entoile\/#primaryimage"},"image":{"@id":"http:\/\/vannerie.com\/pro\/boutique\/professionnel\/boulangerie-gms\/panification\/banneton-couronne-entoile\/#primaryimage"},"thumbnailUrl":"http:\/\/dev.vannerie.com.serv3.tribu-and-co.com\/pro\/wp-content\/uploads\/sites\/4\/2023\/02\/208_20160114120649208-2.jpg","datePublished":"2022-12-19T10:03:25+00:00","dateModified":"2023-04-27T15:57:58+00:00","breadcrumb":{"@id":"http:\/\/vannerie.com\/pro\/boutique\/professionnel\/boulangerie-gms\/panification\/banneton-couronne-entoile\/#breadcrumb"},"inLanguage":"fr-FR","potentialAction":[{"@type":"ReadAction","target":["http:\/\/vannerie.com\/pro\/boutique\/professionnel\/boulangerie-gms\/panification\/banneton-couronne-entoile\/"]}]},{"@type":"ImageObject","inLanguage":"fr-FR","@id":"http:\/\/vannerie.com\/pro\/boutique\/professionnel\/boulangerie-gms\/panification\/banneton-couronne-entoile\/#primaryimage","url":"http:\/\/dev.vannerie.com.serv3.tribu-and-co.com\/pro\/wp-content\/uploads\/sites\/4\/2023\/02\/208_20160114120649208-2.jpg","contentUrl":"http:\/\/dev.vannerie.com.serv3.tribu-and-co.com\/pro\/wp-content\/uploads\/sites\/4\/2023\/02\/208_20160114120649208-2.jpg","width":188,"height":370},{"@type":"BreadcrumbList","@id":"http:\/\/vannerie.com\/pro\/boutique\/professionnel\/boulangerie-gms\/panification\/banneton-couronne-entoile\/#breadcrumb","itemListElement":[{"@type":"ListItem","position":1,"name":"Accueil","item":"http:\/\/vannerie.com\/pro\/"},{"@type":"ListItem","position":2,"name":"Boutique","item":"http:\/\/vannerie.com\/pro\/boutique\/"},{"@type":"ListItem","position":3,"name":"Banneton couronne entoil\u00e9"}]},{"@type":"WebSite","@id":"http:\/\/vannerie.com\/pro\/#website","url":"http:\/\/vannerie.com\/pro\/","name":"Vannerie Pro","description":"Un site utilisant Les sites de Vannerie de Villaines-les-Rochers","potentialAction":[{"@type":"SearchAction","target":{"@type":"EntryPoint","urlTemplate":"http:\/\/vannerie.com\/pro\/?s={search_term_string}"},"query-input":{"@type":"PropertyValueSpecification","valueRequired":true,"valueName":"search_term_string"}}],"inLanguage":"fr-FR"}]}},"_links":{"self":[{"href":"http:\/\/dev.vannerie.com.serv3.tribu-and-co.com\/pro\/wp-json\/wp\/v2\/product\/9913","targetHints":{"allow":["GET"]}}],"collection":[{"href":"http:\/\/dev.vannerie.com.serv3.tribu-and-co.com\/pro\/wp-json\/wp\/v2\/product"}],"about":[{"href":"http:\/\/dev.vannerie.com.serv3.tribu-and-co.com\/pro\/wp-json\/wp\/v2\/types\/product"}],"wp:featuredmedia":[{"embeddable":true,"href":"http:\/\/dev.vannerie.com.serv3.tribu-and-co.com\/pro\/wp-json\/wp\/v2\/media\/4639"}],"wp:attachment":[{"href":"http:\/\/dev.vannerie.com.serv3.tribu-and-co.com\/pro\/wp-json\/wp\/v2\/media?parent=9913"}],"wp:term":[{"taxonomy":"product_brand","embeddable":true,"href":"http:\/\/dev.vannerie.com.serv3.tribu-and-co.com\/pro\/wp-json\/wp\/v2\/product_brand?post=9913"},{"taxonomy":"product_cat","embeddable":true,"href":"http:\/\/dev.vannerie.com.serv3.tribu-and-co.com\/pro\/wp-json\/wp\/v2\/product_cat?post=9913"},{"taxonomy":"product_tag","embeddable":true,"href":"http:\/\/dev.vannerie.com.serv3.tribu-and-co.com\/pro\/wp-json\/wp\/v2\/product_tag?post=9913"}],"curies":[{"name":"wp","href":"https:\/\/api.w.org\/{rel}","templated":true}]}}